{"id":19016,"date":"2026-04-24T16:06:46","date_gmt":"2026-04-24T14:06:46","guid":{"rendered":"https:\/\/www.mariofurore.it\/contatti\/"},"modified":"2026-04-24T16:11:39","modified_gmt":"2026-04-24T14:11:39","slug":"contacts","status":"publish","type":"page","link":"https:\/\/www.mariofurore.it\/en\/contacts\/","title":{"rendered":"Contacts"},"content":{"rendered":"\t\t<div data-elementor-type=\"wp-page\" data-elementor-id=\"19016\" class=\"elementor elementor-19016 elementor-19014\" data-elementor-post-type=\"page\">\n\t\t\t\t<div class=\"elementor-element elementor-element-f2f9d49 e-flex e-con-boxed e-con e-parent\" data-id=\"f2f9d49\" data-element_type=\"container\" data-e-type=\"container\" data-settings=\"{&quot;background_background&quot;:&quot;classic&quot;}\">\n\t\t\t\t\t<div class=\"e-con-inner\">\n\t\t\t\t<div class=\"elementor-element elementor-element-b480db0 elementor-widget elementor-widget-hub_fancy_heading\" data-id=\"b480db0\" data-element_type=\"widget\" data-e-type=\"widget\" data-widget_type=\"hub_fancy_heading.default\">\n\t\t\t\t<div class=\"elementor-widget-container\">\n\t\t\t\t\t\n\t\t<div id=\"ld-fancy-heading-69f12c49268c7\" class=\"ld-fancy-heading pos-rel\">\n\t\t\t<h2 class=\"ld-fh-element d-inline-block pos-rel  elementor-heading-title lqd-highlight-classic lqd-highlight-grow-left h2\"  > Contacts<\/h2>\t\t<\/div>\n\n\t\t\t\t\t\t<\/div>\n\t\t\t\t<\/div>\n\t\t\t\t\t<\/div>\n\t\t\t\t<\/div>\n\t\t<div class=\"elementor-element elementor-element-68a06a1 e-flex e-con-boxed e-con e-parent\" data-id=\"68a06a1\" data-element_type=\"container\" data-e-type=\"container\" data-settings=\"{&quot;background_background&quot;:&quot;classic&quot;}\">\n\t\t\t\t\t<div class=\"e-con-inner\">\n\t\t<div class=\"elementor-element elementor-element-a22e6c0 e-con-full e-flex e-con e-child\" data-id=\"a22e6c0\" data-element_type=\"container\" data-e-type=\"container\" data-settings=\"{&quot;background_background&quot;:&quot;classic&quot;}\">\n\t\t\t\t<div class=\"elementor-element elementor-element-de68569 elementor-widget__width-initial elementor-widget elementor-widget-hub_fancy_heading\" data-id=\"de68569\" data-element_type=\"widget\" data-e-type=\"widget\" data-widget_type=\"hub_fancy_heading.default\">\n\t\t\t\t<div class=\"elementor-widget-container\">\n\t\t\t\t\t\n\t\t<div id=\"ld-fancy-heading-69f12c49276a1\" class=\"ld-fancy-heading pos-rel\">\n\t\t\t<h2 class=\"ld-fh-element d-inline-block pos-rel  elementor-heading-title lqd-highlight-classic lqd-highlight-grow-bottom h2\"  data-inview=\"true\" data-transition-delay=\"true\" data-delay-options=\"{&quot;elements&quot;:&quot;.lqd-highlight-inner&quot;,&quot;delayType&quot;:&quot;transition&quot;}\" > <span class=\"lqd-adv-txt-item elementor-repeater-item-8fbe037\">Contact me<\/span><\/h2>\t\t<\/div>\n\n\t\t\t\t\t\t<\/div>\n\t\t\t\t<\/div>\n\t\t\t\t<div class=\"elementor-element elementor-element-6a6f6ca elementor-widget__width-inherit elementor-widget elementor-widget-ld_cf722\" data-id=\"6a6f6ca\" data-element_type=\"widget\" data-e-type=\"widget\" data-widget_type=\"ld_cf722.default\">\n\t\t\t\t<div class=\"elementor-widget-container\">\n\t\t\t\t\t\n\t<div class=\"lqd-contact-form  lqd-contact-form-inputs-border-none  lqd-contact-form-button-block  lqd-contact-form-button-lg lqd-contact-form-button-round lqd-contact-form-button-border-none \">\n\t\t\n<div class=\"wpcf7 no-js\" id=\"wpcf7-f18613-o1\" lang=\"en-US\" dir=\"ltr\" data-wpcf7-id=\"18613\">\n<div class=\"screen-reader-response\"><p role=\"status\" aria-live=\"polite\" aria-atomic=\"true\"><\/p> <ul><\/ul><\/div>\n<form action=\"\/en\/wp-json\/wp\/v2\/pages\/19016#wpcf7-f18613-o1\" method=\"post\" class=\"wpcf7-form init\" aria-label=\"Contact form\" novalidate=\"novalidate\" data-status=\"init\">\n<fieldset class=\"hidden-fields-container\"><input type=\"hidden\" name=\"_wpcf7\" value=\"18613\" \/><input type=\"hidden\" name=\"_wpcf7_version\" value=\"6.1.2\" \/><input type=\"hidden\" name=\"_wpcf7_locale\" value=\"en_US\" \/><input type=\"hidden\" name=\"_wpcf7_unit_tag\" value=\"wpcf7-f18613-o1\" \/><input type=\"hidden\" name=\"_wpcf7_container_post\" value=\"0\" \/><input type=\"hidden\" name=\"_wpcf7_posted_data_hash\" value=\"\" \/>\n<\/fieldset>\n<p><label> Nome<br \/>\n<span class=\"wpcf7-form-control-wrap\" data-name=\"your-name\"><input size=\"40\" maxlength=\"400\" class=\"wpcf7-form-control wpcf7-text wpcf7-validates-as-required\" autocomplete=\"name\" aria-required=\"true\" aria-invalid=\"false\" value=\"\" type=\"text\" name=\"your-name\" \/><\/span> <\/label>\n<\/p>\n<p><label> Cognome<br \/>\n<span class=\"wpcf7-form-control-wrap\" data-name=\"your-surname\"><input size=\"40\" maxlength=\"400\" class=\"wpcf7-form-control wpcf7-text wpcf7-validates-as-required\" autocomplete=\"surname\" aria-required=\"true\" aria-invalid=\"false\" value=\"\" type=\"text\" name=\"your-surname\" \/><\/span> <\/label>\n<\/p>\n<p><label> Email<br \/>\n<span class=\"wpcf7-form-control-wrap\" data-name=\"your-email\"><input size=\"40\" maxlength=\"400\" class=\"wpcf7-form-control wpcf7-email wpcf7-validates-as-required wpcf7-text wpcf7-validates-as-email\" autocomplete=\"email\" aria-required=\"true\" aria-invalid=\"false\" value=\"\" type=\"email\" name=\"your-email\" \/><\/span> <\/label>\n<\/p>\n<p><label> Messaggio<br \/>\n<span class=\"wpcf7-form-control-wrap\" data-name=\"your-message\"><textarea cols=\"40\" rows=\"10\" maxlength=\"2000\" class=\"wpcf7-form-control wpcf7-textarea\" aria-invalid=\"false\" name=\"your-message\"><\/textarea><\/span> <\/label>\n<\/p>\n<p><input class=\"wpcf7-form-control wpcf7-submit has-spinner\" type=\"submit\" value=\"Invia\" \/>\n<\/p><div class=\"wpcf7-response-output\" aria-hidden=\"true\"><\/div>\n<\/form>\n<\/div>\n\t<\/div>\n\n\t\t\t\t\t<\/div>\n\t\t\t\t<\/div>\n\t\t\t\t<\/div>\n\t\t<div class=\"elementor-element elementor-element-32f5fe0 e-con-full e-flex e-con e-child\" data-id=\"32f5fe0\" data-element_type=\"container\" data-e-type=\"container\">\n\t\t\t\t<div class=\"elementor-element elementor-element-6027ffd elementor-widget__width-initial elementor-widget elementor-widget-hub_fancy_heading\" data-id=\"6027ffd\" data-element_type=\"widget\" data-e-type=\"widget\" data-widget_type=\"hub_fancy_heading.default\">\n\t\t\t\t<div class=\"elementor-widget-container\">\n\t\t\t\t\t\n\t\t<div id=\"ld-fancy-heading-69f12c492aeb6\" class=\"ld-fancy-heading pos-rel\">\n\t\t\t<h2 class=\"ld-fh-element d-inline-block pos-rel  elementor-heading-title lqd-highlight-classic lqd-highlight-grow-bottom h2\"  > Info<\/h2>\t\t<\/div>\n\n\t\t\t\t\t\t<\/div>\n\t\t\t\t<\/div>\n\t\t<div class=\"elementor-element elementor-element-91a2291 e-con-full e-flex e-con e-child\" data-id=\"91a2291\" data-element_type=\"container\" data-e-type=\"container\">\n\t\t\t\t<div class=\"elementor-element elementor-element-9af9303 elementor-widget__width-auto e-transform elementor-widget-tablet__width-initial elementor-align-left elementor-widget elementor-widget-ld_icon_box\" data-id=\"9af9303\" data-element_type=\"widget\" data-e-type=\"widget\" data-settings=\"{&quot;_transform_rotateZ_effect&quot;:{&quot;unit&quot;:&quot;px&quot;,&quot;size&quot;:0,&quot;sizes&quot;:[]},&quot;_transform_rotateZ_effect_tablet&quot;:{&quot;unit&quot;:&quot;deg&quot;,&quot;size&quot;:&quot;&quot;,&quot;sizes&quot;:[]},&quot;_transform_rotateZ_effect_mobile&quot;:{&quot;unit&quot;:&quot;deg&quot;,&quot;size&quot;:&quot;&quot;,&quot;sizes&quot;:[]}}\" data-widget_type=\"ld_icon_box.default\">\n\t\t\t\t<div class=\"elementor-widget-container\">\n\t\t\t\t\t\n\t\t\t<div id=\"ld_icon_box_9af9303\" class=\"iconbox d-flex flex-grow-1 pos-rel align-items-center iconbox-side iconbox-icon-shaped iconbox-circle iconbox-icon-ripple\"  data-shape-border=\"1\" >\n\n\t\t\t\t\n\t\t\t\t<div class=\"iconbox-icon-wrap  \"><div class=\"iconbox-icon-container d-inline-flex pos-rel z-index-1 border-radius-circle\"><svg xmlns=\"http:\/\/www.w3.org\/2000\/svg\" id=\"Livello_2\" data-name=\"Livello 2\" viewBox=\"0 0 16.5 16.5\"><defs><style>      .cls-1 {        fill: none;        stroke: #000;        stroke-linecap: round;        stroke-linejoin: round;        stroke-width: 1.5px;      }    <\/style><\/defs><g id=\"Layer_1\" data-name=\"Layer 1\"><path class=\"cls-1\" d=\"M.75,15.75L15.75.75M15.75.75H4.5M15.75.75v11.25\"><\/path><\/g><\/svg><\/div><\/div>\n\t\t\t\t\n\t\t\t\t<div class=\"contents \">\n\t\t\t\t\n\t\t\t\t<h5 class=\"lqd-iconbox-heading \" >Bruxelles <\/h5>\t\t\t\t<p>Parlement europ\u00e9en<\/p>\n\t\t\t\t\n\t\t\t\t<\/div>\n\t\t\t\t\n\t\t\t<\/div>\n\n\t\t\t\t\t\t<\/div>\n\t\t\t\t<\/div>\n\t\t\t\t<div class=\"elementor-element elementor-element-0886842 elementor-widget-tablet__width-initial elementor-widget elementor-widget-hub_fancy_heading\" data-id=\"0886842\" data-element_type=\"widget\" data-e-type=\"widget\" data-widget_type=\"hub_fancy_heading.default\">\n\t\t\t\t<div class=\"elementor-widget-container\">\n\t\t\t\t\t\n\t\t<div id=\"ld-fancy-heading-69f12c493faac\" class=\"ld-fancy-heading pos-rel\">\n\t\t\t<p class=\"ld-fh-element d-inline-block pos-rel  lqd-highlight-classic lqd-highlight-grow-left p\"  > B\u00e2t. Wiertz<br>\n00U020<br>\n60, rue Wiertz \/ Wiertzstraat 60<br>\nB-1047 Bruxelles\/Brussel<br>\nTel. : 0032 2 28 45782\nFax : 0032 2 28 49782<\/p>\t\t<\/div>\n\n\t\t\t\t\t\t<\/div>\n\t\t\t\t<\/div>\n\t\t\t\t<\/div>\n\t\t<div class=\"elementor-element elementor-element-d6684a7 e-con-full e-flex e-con e-child\" data-id=\"d6684a7\" data-element_type=\"container\" data-e-type=\"container\">\n\t\t\t\t<div class=\"elementor-element elementor-element-2060370 elementor-widget__width-auto e-transform elementor-widget-tablet__width-initial elementor-align-left elementor-widget elementor-widget-ld_icon_box\" data-id=\"2060370\" data-element_type=\"widget\" data-e-type=\"widget\" data-settings=\"{&quot;_transform_rotateZ_effect&quot;:{&quot;unit&quot;:&quot;px&quot;,&quot;size&quot;:0,&quot;sizes&quot;:[]},&quot;_transform_rotateZ_effect_tablet&quot;:{&quot;unit&quot;:&quot;deg&quot;,&quot;size&quot;:&quot;&quot;,&quot;sizes&quot;:[]},&quot;_transform_rotateZ_effect_mobile&quot;:{&quot;unit&quot;:&quot;deg&quot;,&quot;size&quot;:&quot;&quot;,&quot;sizes&quot;:[]}}\" data-widget_type=\"ld_icon_box.default\">\n\t\t\t\t<div class=\"elementor-widget-container\">\n\t\t\t\t\t\n\t\t\t<div id=\"ld_icon_box_2060370\" class=\"iconbox d-flex flex-grow-1 pos-rel align-items-center iconbox-side iconbox-icon-shaped iconbox-circle iconbox-icon-ripple\"  data-shape-border=\"1\" >\n\n\t\t\t\t\n\t\t\t\t<div class=\"iconbox-icon-wrap  \"><div class=\"iconbox-icon-container d-inline-flex pos-rel z-index-1 border-radius-circle\"><svg xmlns=\"http:\/\/www.w3.org\/2000\/svg\" id=\"Livello_2\" data-name=\"Livello 2\" viewBox=\"0 0 16.5 16.5\"><defs><style>      .cls-1 {        fill: none;        stroke: #000;        stroke-linecap: round;        stroke-linejoin: round;        stroke-width: 1.5px;      }    <\/style><\/defs><g id=\"Layer_1\" data-name=\"Layer 1\"><path class=\"cls-1\" d=\"M.75,15.75L15.75.75M15.75.75H4.5M15.75.75v11.25\"><\/path><\/g><\/svg><\/div><\/div>\n\t\t\t\t\n\t\t\t\t<div class=\"contents \">\n\t\t\t\t\n\t\t\t\t<h5 class=\"lqd-iconbox-heading \" >Strasbourg <\/h5>\t\t\t\t<p>Parlement europ\u00e9en<\/p>\n\t\t\t\t\n\t\t\t\t<\/div>\n\t\t\t\t\n\t\t\t<\/div>\n\n\t\t\t\t\t\t<\/div>\n\t\t\t\t<\/div>\n\t\t\t\t<div class=\"elementor-element elementor-element-87923f2 elementor-widget-tablet__width-initial elementor-widget elementor-widget-hub_fancy_heading\" data-id=\"87923f2\" data-element_type=\"widget\" data-e-type=\"widget\" data-widget_type=\"hub_fancy_heading.default\">\n\t\t\t\t<div class=\"elementor-widget-container\">\n\t\t\t\t\t\n\t\t<div id=\"ld-fancy-heading-69f12c49428c1\" class=\"ld-fancy-heading pos-rel\">\n\t\t\t<p class=\"ld-fh-element d-inline-block pos-rel  lqd-highlight-classic lqd-highlight-grow-left p\"  > B\u00e2t. SALVADOR DE MADARIAGA<br>\nG05047<br>\n1, avenue du Pr\u00e9sident Robert Schuman<br>\nCS 91024\nF-67070 Strasbourg Cedex<br>\nTel. : 0033 3 88 1 75782\nFax : 0033 3 88 1 79782<\/p>\t\t<\/div>\n\n\t\t\t\t\t\t<\/div>\n\t\t\t\t<\/div>\n\t\t\t\t<\/div>\n\t\t\t\t<div class=\"elementor-element elementor-element-1be477e elementor-widget__width-initial elementor-widget elementor-widget-hub_fancy_heading\" data-id=\"1be477e\" data-element_type=\"widget\" data-e-type=\"widget\" data-widget_type=\"hub_fancy_heading.default\">\n\t\t\t\t<div class=\"elementor-widget-container\">\n\t\t\t\t\t\n\t\t<div id=\"ld-fancy-heading-69f12c494f759\" class=\"ld-fancy-heading pos-rel\">\n\t\t\t<p class=\"ld-fh-element d-inline-block pos-rel  lqd-highlight-classic lqd-highlight-grow-left p\"  > mario.furore@europarl.europa.eu<\/p>\t\t<\/div>\n\n\t\t\t\t\t\t<\/div>\n\t\t\t\t<\/div>\n\t\t\t\t<div class=\"elementor-element elementor-element-bcfa6a5 elementor-widget__width-initial elementor-widget elementor-widget-hub_fancy_heading\" data-id=\"bcfa6a5\" data-element_type=\"widget\" data-e-type=\"widget\" data-widget_type=\"hub_fancy_heading.default\">\n\t\t\t\t<div class=\"elementor-widget-container\">\n\t\t\t\t\t\n\t\t<div id=\"ld-fancy-heading-69f12c4950590\" class=\"ld-fancy-heading pos-rel\">\n\t\t\t<p class=\"ld-fh-element d-inline-block pos-rel  lqd-highlight-classic lqd-highlight-grow-left p\"  > info@mariofurore.it<\/p>\t\t<\/div>\n\n\t\t\t\t\t\t<\/div>\n\t\t\t\t<\/div>\n\t\t\t\t<\/div>\n\t\t\t\t\t<\/div>\n\t\t\t\t<\/div>\n\t\t\t\t<\/div>\n\t\t","protected":false},"excerpt":{"rendered":"<p>Contacts Contact me Name Surname Email Message Info Bruxelles Parlement europ\u00e9en B\u00e2t. Wiertz 00U020 60, rue Wiertz \/ Wiertzstraat 60 B-1047 Bruxelles\/Brussel Tel. : 0032 2 28 45782 Fax : 0032 2 28 49782 Strasbourg Parlement europ\u00e9en B\u00e2t. SALVADOR DE MADARIAGA G05047 1, avenue du Pr\u00e9sident Robert Schuman CS 91024 F-67070 Strasbourg Cedex Tel. : [&hellip;]<\/p>\n","protected":false},"author":5,"featured_media":0,"parent":0,"menu_order":0,"comment_status":"closed","ping_status":"closed","template":"","meta":{"_acf_changed":false,"footnotes":""},"class_list":["post-19016","page","type-page","status-publish","hentry"],"acf":[],"yoast_head":"<!-- This site is optimized with the Yoast SEO plugin v26.2 - https:\/\/yoast.com\/wordpress\/plugins\/seo\/ -->\n<title>Contacts - Mario Furore<\/title>\n<meta name=\"robots\" content=\"index, follow, max-snippet:-1, max-image-preview:large, max-video-preview:-1\" \/>\n<link rel=\"canonical\" href=\"https:\/\/www.mariofurore.it\/en\/contacts\/\" \/>\n<meta property=\"og:locale\" content=\"en_US\" \/>\n<meta property=\"og:type\" content=\"article\" \/>\n<meta property=\"og:title\" content=\"Contacts - Mario Furore\" \/>\n<meta property=\"og:description\" content=\"Contacts Contact me Name Surname Email Message Info Bruxelles Parlement europ\u00e9en B\u00e2t. Wiertz 00U020 60, rue Wiertz \/ Wiertzstraat 60 B-1047 Bruxelles\/Brussel Tel. : 0032 2 28 45782 Fax : 0032 2 28 49782 Strasbourg Parlement europ\u00e9en B\u00e2t. SALVADOR DE MADARIAGA G05047 1, avenue du Pr\u00e9sident Robert Schuman CS 91024 F-67070 Strasbourg Cedex Tel. : [&hellip;]\" \/>\n<meta property=\"og:url\" content=\"https:\/\/www.mariofurore.it\/en\/contacts\/\" \/>\n<meta property=\"og:site_name\" content=\"Mario Furore\" \/>\n<meta property=\"article:modified_time\" content=\"2026-04-24T14:11:39+00:00\" \/>\n<meta name=\"twitter:card\" content=\"summary_large_image\" \/>\n<meta name=\"twitter:label1\" content=\"Est. reading time\" \/>\n\t<meta name=\"twitter:data1\" content=\"1 minute\" \/>\n<script type=\"application\/ld+json\" class=\"yoast-schema-graph\">{\"@context\":\"https:\/\/schema.org\",\"@graph\":[{\"@type\":\"WebPage\",\"@id\":\"https:\/\/www.mariofurore.it\/en\/contacts\/\",\"url\":\"https:\/\/www.mariofurore.it\/en\/contacts\/\",\"name\":\"Contacts - Mario Furore\",\"isPartOf\":{\"@id\":\"https:\/\/www.mariofurore.it\/en\/#website\"},\"datePublished\":\"2026-04-24T14:06:46+00:00\",\"dateModified\":\"2026-04-24T14:11:39+00:00\",\"breadcrumb\":{\"@id\":\"https:\/\/www.mariofurore.it\/en\/contacts\/#breadcrumb\"},\"inLanguage\":\"en-US\",\"potentialAction\":[{\"@type\":\"ReadAction\",\"target\":[\"https:\/\/www.mariofurore.it\/en\/contacts\/\"]}]},{\"@type\":\"BreadcrumbList\",\"@id\":\"https:\/\/www.mariofurore.it\/en\/contacts\/#breadcrumb\",\"itemListElement\":[{\"@type\":\"ListItem\",\"position\":1,\"name\":\"Home\",\"item\":\"https:\/\/www.mariofurore.it\/en\/\"},{\"@type\":\"ListItem\",\"position\":2,\"name\":\"Contacts\"}]},{\"@type\":\"WebSite\",\"@id\":\"https:\/\/www.mariofurore.it\/en\/#website\",\"url\":\"https:\/\/www.mariofurore.it\/en\/\",\"name\":\"Mario Furore\",\"description\":\"In Europa con Furore\",\"potentialAction\":[{\"@type\":\"SearchAction\",\"target\":{\"@type\":\"EntryPoint\",\"urlTemplate\":\"https:\/\/www.mariofurore.it\/en\/?s={search_term_string}\"},\"query-input\":{\"@type\":\"PropertyValueSpecification\",\"valueRequired\":true,\"valueName\":\"search_term_string\"}}],\"inLanguage\":\"en-US\"}]}<\/script>\n<!-- \/ Yoast SEO plugin. -->","yoast_head_json":{"title":"Contacts - Mario Furore","robots":{"index":"index","follow":"follow","max-snippet":"max-snippet:-1","max-image-preview":"max-image-preview:large","max-video-preview":"max-video-preview:-1"},"canonical":"https:\/\/www.mariofurore.it\/en\/contacts\/","og_locale":"en_US","og_type":"article","og_title":"Contacts - Mario Furore","og_description":"Contacts Contact me Name Surname Email Message Info Bruxelles Parlement europ\u00e9en B\u00e2t. Wiertz 00U020 60, rue Wiertz \/ Wiertzstraat 60 B-1047 Bruxelles\/Brussel Tel. : 0032 2 28 45782 Fax : 0032 2 28 49782 Strasbourg Parlement europ\u00e9en B\u00e2t. SALVADOR DE MADARIAGA G05047 1, avenue du Pr\u00e9sident Robert Schuman CS 91024 F-67070 Strasbourg Cedex Tel. : [&hellip;]","og_url":"https:\/\/www.mariofurore.it\/en\/contacts\/","og_site_name":"Mario Furore","article_modified_time":"2026-04-24T14:11:39+00:00","twitter_card":"summary_large_image","twitter_misc":{"Est. reading time":"1 minute"},"schema":{"@context":"https:\/\/schema.org","@graph":[{"@type":"WebPage","@id":"https:\/\/www.mariofurore.it\/en\/contacts\/","url":"https:\/\/www.mariofurore.it\/en\/contacts\/","name":"Contacts - Mario Furore","isPartOf":{"@id":"https:\/\/www.mariofurore.it\/en\/#website"},"datePublished":"2026-04-24T14:06:46+00:00","dateModified":"2026-04-24T14:11:39+00:00","breadcrumb":{"@id":"https:\/\/www.mariofurore.it\/en\/contacts\/#breadcrumb"},"inLanguage":"en-US","potentialAction":[{"@type":"ReadAction","target":["https:\/\/www.mariofurore.it\/en\/contacts\/"]}]},{"@type":"BreadcrumbList","@id":"https:\/\/www.mariofurore.it\/en\/contacts\/#breadcrumb","itemListElement":[{"@type":"ListItem","position":1,"name":"Home","item":"https:\/\/www.mariofurore.it\/en\/"},{"@type":"ListItem","position":2,"name":"Contacts"}]},{"@type":"WebSite","@id":"https:\/\/www.mariofurore.it\/en\/#website","url":"https:\/\/www.mariofurore.it\/en\/","name":"Mario Furore","description":"In Europa con Furore","potentialAction":[{"@type":"SearchAction","target":{"@type":"EntryPoint","urlTemplate":"https:\/\/www.mariofurore.it\/en\/?s={search_term_string}"},"query-input":{"@type":"PropertyValueSpecification","valueRequired":true,"valueName":"search_term_string"}}],"inLanguage":"en-US"}]}},"_links":{"self":[{"href":"https:\/\/www.mariofurore.it\/en\/wp-json\/wp\/v2\/pages\/19016","targetHints":{"allow":["GET"]}}],"collection":[{"href":"https:\/\/www.mariofurore.it\/en\/wp-json\/wp\/v2\/pages"}],"about":[{"href":"https:\/\/www.mariofurore.it\/en\/wp-json\/wp\/v2\/types\/page"}],"author":[{"embeddable":true,"href":"https:\/\/www.mariofurore.it\/en\/wp-json\/wp\/v2\/users\/5"}],"replies":[{"embeddable":true,"href":"https:\/\/www.mariofurore.it\/en\/wp-json\/wp\/v2\/comments?post=19016"}],"version-history":[{"count":0,"href":"https:\/\/www.mariofurore.it\/en\/wp-json\/wp\/v2\/pages\/19016\/revisions"}],"wp:attachment":[{"href":"https:\/\/www.mariofurore.it\/en\/wp-json\/wp\/v2\/media?parent=19016"}],"curies":[{"name":"wp","href":"https:\/\/api.w.org\/{rel}","templated":true}]}}